{"id":186,"date":"2021-03-30T00:45:48","date_gmt":"2021-03-30T00:45:48","guid":{"rendered":"https:\/\/telkey.com\/?page_id=186"},"modified":"2023-09-27T10:14:25","modified_gmt":"2023-09-27T10:14:25","slug":"elementor-186","status":"publish","type":"page","link":"https:\/\/telkey.com\/en\/elementor-186\/","title":{"rendered":"Sport facilities and gym"},"content":{"rendered":"<div data-elementor-type=\"wp-page\" data-elementor-id=\"186\" class=\"elementor elementor-186\" data-elementor-post-type=\"page\">\n\t\t\t\t\t\t<section class=\"elementor-section elementor-top-section elementor-element elementor-element-4c18d6d elementor-section-boxed elementor-section-height-default elementor-section-height-default\" data-id=\"4c18d6d\" data-element_type=\"section\" data-e-type=\"section\" data-settings=\"{&quot;background_background&quot;:&quot;classic&quot;}\">\n\t\t\t\t\t\t<div class=\"elementor-container elementor-column-gap-default\">\n\t\t\t\t\t<div class=\"elementor-column elementor-col-100 elementor-top-column elementor-element elementor-element-83a8047\" data-id=\"83a8047\" data-element_type=\"column\" data-e-type=\"column\">\n\t\t\t<div class=\"elementor-widget-wrap elementor-element-populated\">\n\t\t\t\t\t\t<div class=\"elementor-element elementor-element-b612c8e elementor-widget elementor-widget-heading\" data-id=\"b612c8e\" data-element_type=\"widget\" data-e-type=\"widget\" data-widget_type=\"heading.default\">\n\t\t\t\t<div class=\"elementor-widget-container\">\n\t\t\t\t\t<h2 class=\"elementor-heading-title elementor-size-default\">Sport facilities and gym<\/h2>\t\t\t\t<\/div>\n\t\t\t\t<\/div>\n\t\t\t\t<div class=\"elementor-element elementor-element-c82e764 elementor-widget elementor-widget-text-editor\" data-id=\"c82e764\" data-element_type=\"widget\" data-e-type=\"widget\" data-widget_type=\"text-editor.default\">\n\t\t\t\t<div class=\"elementor-widget-container\">\n\t\t\t\t\t\t\t\t\t<p>The customer books through a booking system game time, place and perhaps a game partner and receives back a booking confirmation and current access code. Time codes can be created when booking or completely separately from a mobile by an authorized person. Several padel courts use Telkey today. We have collaborations with MATCHi and BRP Systems.<\/p><p>Our locks work completely offline and without power cords with our unique mTAC technology (Mobile Temporary Access Code). They are robust and can withstand the Nordic climate and are mounted on standard locks from ASSA and others.<\/p><p><a href=\"https:\/\/telkey.com\/en\/?page_id=47#kontakt-menu-anchor\">Please contact us<\/a><\/p>\t\t\t\t\t\t\t\t<\/div>\n\t\t\t\t<\/div>\n\t\t\t\t\t<\/div>\n\t\t<\/div>\n\t\t\t\t\t<\/div>\n\t\t<\/section>\n\t\t\t\t<section class=\"elementor-section elementor-top-section elementor-element elementor-element-7a037c1 elementor-section-boxed elementor-section-height-default elementor-section-height-default\" data-id=\"7a037c1\" data-element_type=\"section\" data-e-type=\"section\" data-settings=\"{&quot;background_background&quot;:&quot;classic&quot;}\">\n\t\t\t\t\t\t<div class=\"elementor-container elementor-column-gap-default\">\n\t\t\t\t\t<div class=\"elementor-column elementor-col-100 elementor-top-column elementor-element elementor-element-9892c6d\" data-id=\"9892c6d\" data-element_type=\"column\" data-e-type=\"column\">\n\t\t\t<div class=\"elementor-widget-wrap\">\n\t\t\t\t\t\t\t<\/div>\n\t\t<\/div>\n\t\t\t\t\t<\/div>\n\t\t<\/section>\n\t\t\t\t<\/div>","protected":false},"excerpt":{"rendered":"<p>Sportanl\u00e4ggningar Kunden bokar genom ett bokningssystem speltid, plats och kanske en spelpartner och fa\u030ar tillbaka en bokningsbekra\u0308ftelse samt aktuell accesskod. Tidskoder kan skapas vid bokning eller helt separat fra\u030an en mobil av beho\u0308rig person. Ett flertal paddelbanor anv\u00e4nder Telkey idag. Vi har samarbeten med MATCHi och BRP Systems. V\u00e5ra l\u00e5s fungerar helt offline och utan [&hellip;]<\/p>\n","protected":false},"author":1,"featured_media":0,"parent":0,"menu_order":0,"comment_status":"closed","ping_status":"closed","template":"elementor_canvas","meta":{"inline_featured_image":false,"footnotes":""},"class_list":["post-186","page","type-page","status-publish","hentry"],"_links":{"self":[{"href":"https:\/\/telkey.com\/en\/wp-json\/wp\/v2\/pages\/186","targetHints":{"allow":["GET"]}}],"collection":[{"href":"https:\/\/telkey.com\/en\/wp-json\/wp\/v2\/pages"}],"about":[{"href":"https:\/\/telkey.com\/en\/wp-json\/wp\/v2\/types\/page"}],"author":[{"embeddable":true,"href":"https:\/\/telkey.com\/en\/wp-json\/wp\/v2\/users\/1"}],"replies":[{"embeddable":true,"href":"https:\/\/telkey.com\/en\/wp-json\/wp\/v2\/comments?post=186"}],"version-history":[{"count":34,"href":"https:\/\/telkey.com\/en\/wp-json\/wp\/v2\/pages\/186\/revisions"}],"predecessor-version":[{"id":1457,"href":"https:\/\/telkey.com\/en\/wp-json\/wp\/v2\/pages\/186\/revisions\/1457"}],"wp:attachment":[{"href":"https:\/\/telkey.com\/en\/wp-json\/wp\/v2\/media?parent=186"}],"curies":[{"name":"wp","href":"https:\/\/api.w.org\/{rel}","templated":true}]}}